{"id":11,"date":"2015-12-04T02:09:03","date_gmt":"2015-12-04T02:09:03","guid":{"rendered":"http:\/\/theme-fusion.com\/avada\/construction\/?page_id=11"},"modified":"2020-04-21T20:57:41","modified_gmt":"2020-04-21T20:57:41","slug":"work","status":"publish","type":"page","link":"http:\/\/alteteknoloji.com\/?page_id=11&lang=tr","title":{"rendered":"Projeler"},"content":{"rendered":"<p><div class=\"fusion-fullwidth fullwidth-box fusion-builder-row-1 nonhundred-percent-fullwidth non-hundred-percent-height-scrolling\"  style='background-color: #fed03d;background-position: left top;background-repeat: no-repeat;padding-top:50px;padding-right:0px;padding-bottom:50px;padding-left:0px;border-top-width:0px;border-bottom-width:0px;border-color:#eae9e9;border-top-style:solid;border-bottom-style:solid;'><div class=\"fusion-builder-row fusion-row \"><div  class=\"fusion-layout-column fusion_builder_column fusion_builder_column_1_1 fusion-builder-column-0 fusion-one-full fusion-column-first fusion-column-last 1_1\"  style='margin-top:0px;margin-bottom:0px;'><div class=\"fusion-column-wrapper\" style=\"padding: 0px 0px 0px 0px;background-position:left top;background-repeat:no-repeat;-webkit-background-size:cover;-moz-background-size:cover;-o-background-size:cover;background-size:cover;\"   data-bg-url=\"\"><div class=\"fusion-text\"><h2 style=\"font-weight: 300; text-align: center;\">Yard\u0131mc\u0131 olabilece\u011fimiz bir projeniz var m\u0131?<\/h2>\n<\/div><div class=\"fusion-clearfix\"><\/div><\/div><\/div><\/div><\/div><div class=\"fusion-fullwidth fullwidth-box fusion-builder-row-2 nonhundred-percent-fullwidth non-hundred-percent-height-scrolling\"  style='background-color: #ffffff;background-position: left top;background-repeat: no-repeat;padding-top:40px;padding-right:0px;padding-bottom:10px;padding-left:0px;margin-bottom: 2%;border-top-width:0px;border-bottom-width:0px;border-color:#eae9e9;border-top-style:solid;border-bottom-style:solid;'><div class=\"fusion-builder-row fusion-row \"><div  class=\"fusion-layout-column fusion_builder_column fusion_builder_column_1_1 fusion-builder-column-1 fusion-one-full fusion-column-first fusion-column-last 1_1\"  style='margin-top:0px;margin-bottom:0px;'><div class=\"fusion-column-wrapper\" style=\"padding: 2% 0px 0px 0px;background-position:left top;background-repeat:no-repeat;-webkit-background-size:cover;-moz-background-size:cover;-o-background-size:cover;background-size:cover;\"   data-bg-url=\"\"><div class=\"fusion-recent-works fusion-portfolio-element fusion-portfolio fusion-portfolio-1 fusion-portfolio-grid fusion-portfolio-paging-infinite fusion-portfolio-two fusion-portfolio-no_text fusion-portfolio-rollover\" data-id=\"-rw-1\" data-columns=\"two\"><div role=\"menubar\"><ul class=\"fusion-filters\" role=\"menu\" aria-label=\"filters\"><li role=\"menuitem\" class=\"fusion-filter fusion-filter-all fusion-active\"><a href=\"#\" data-filter=\"*\">T\u00fcm\u00fc<\/a><\/li><li role=\"menuitem\" class=\"fusion-filter fusion-hidden\"><a href=\"#\" data-filter=\".bitenpr\">Biten Projeler<\/a><\/li><li role=\"menuitem\" class=\"fusion-filter fusion-hidden\"><a href=\"#\" data-filter=\".devamedenprojeler\">Devam Eden Projeler<\/a><\/li><\/ul><\/div><style type=\"text\/css\">.fusion-portfolio-1 .fusion-portfolio-wrapper .fusion-col-spacing{padding:15px;}<\/style><div class=\"fusion-portfolio-wrapper\" id=\"fusion-portfolio-1\" data-picturesize=\"auto\" data-pages=\"1\" style=\"margin:-15px;\"><article id=\"portfolio-1-post-1275\" class=\"fusion-portfolio-post bitenpr fusion-col-spacing post-1275\"><div class=\"fusion-portfolio-content-wrapper\" style=\"border:none;\"><span class=\"entry-title rich-snippet-hidden\">T\u00fcrk\u00e7e \u00d6\u011frenen Yabanc\u0131lar \u0130\u00e7in T\u00fcrk Edebiyat\u0131 Antolojisi Ders Kitab\u0131<\/span><span class=\"vcard rich-snippet-hidden\"><span class=\"fn\"><a href=\"http:\/\/alteteknoloji.com\/?author=1\" title=\"administer taraf\u0131ndan yaz\u0131lan yaz\u0131lar\" rel=\"author\">administer<\/a><\/span><\/span><span class=\"updated rich-snippet-hidden\">2019-01-21T20:12:11+00:00<\/span>\n\n<div  class=\"fusion-image-wrapper\" aria-haspopup=\"true\">\n\t\n\t\n\t\t\n\t\t\t\t\t<img width=\"1532\" height=\"2000\" src=\"http:\/\/alteteknoloji.com\/wp-content\/uploads\/2019\/01\/Page1.jpg\" class=\"attachment-full size-full wp-post-image\" alt=\"\" decoding=\"async\" loading=\"lazy\" srcset=\"http:\/\/alteteknoloji.com\/wp-content\/uploads\/2019\/01\/Page1-200x261.jpg 200w, http:\/\/alteteknoloji.com\/wp-content\/uploads\/2019\/01\/Page1-400x522.jpg 400w, http:\/\/alteteknoloji.com\/wp-content\/uploads\/2019\/01\/Page1-600x783.jpg 600w, http:\/\/alteteknoloji.com\/wp-content\/uploads\/2019\/01\/Page1-800x1044.jpg 800w, http:\/\/alteteknoloji.com\/wp-content\/uploads\/2019\/01\/Page1-1200x1567.jpg 1200w, http:\/\/alteteknoloji.com\/wp-content\/uploads\/2019\/01\/Page1.jpg 1532w\" sizes=\"(min-width: 2200px) 100vw, (min-width: 732px) 570px, (min-width: 640px) 732px, \" \/>\n\t\n\n\t\t<div class=\"fusion-rollover\">\n\t<div class=\"fusion-rollover-content\">\n\n\t\t\t\t\t\t\t\t\t\t\t\t\t\t<a class=\"fusion-rollover-link\" href=\"http:\/\/alteteknoloji.com\/portfolio-items\/turkce-ogrenen-yabancilar-icin-turk-edebiyati-antolojisi-ders-kitabi?lang=tr&portfolioCats=29%2C30\">T\u00fcrk\u00e7e \u00d6\u011frenen Yabanc\u0131lar \u0130\u00e7in T\u00fcrk Edebiyat\u0131 Antolojisi Ders Kitab\u0131<\/a>\n\t\t\t\n\t\t\t\t\t\t\t\t\t\t\t\t\t\t\n\t\t\t\t\t\t\t\t\n\t\t\t\t\t\t\t\t\t\t\t\t\t<div class=\"fusion-rollover-sep\"><\/div>\n\t\t\t\t\n\t\t\t\t\t\t\t\t\t\t\t\t\t\t\t\t\t\t<a class=\"fusion-rollover-gallery\" href=\"http:\/\/alteteknoloji.com\/wp-content\/uploads\/2019\/01\/Page1.jpg\" data-id=\"1275\" data-rel=\"iLightbox[gallery-rw-1]\" data-title=\"Page1\" data-caption=\"\">\n\t\t\t\t\t\tGallery\t\t\t\t\t<\/a>\n\t\t\t\t\t\t\t\t\t\t\t\t\t\t\n\t\t\t\t\n\t\t\t\t\t\t\t\t\t\t\t\t<h4 class=\"fusion-rollover-title\">\n\t\t\t\t\t<a class=\"fusion-rollover-title-link\" href=\"http:\/\/alteteknoloji.com\/portfolio-items\/turkce-ogrenen-yabancilar-icin-turk-edebiyati-antolojisi-ders-kitabi?lang=tr&portfolioCats=29%2C30\">\n\t\t\t\t\t\tT\u00fcrk\u00e7e \u00d6\u011frenen Yabanc\u0131lar \u0130\u00e7in T\u00fcrk Edebiyat\u0131 Antolojisi Ders Kitab\u0131\t\t\t\t\t<\/a>\n\t\t\t\t<\/h4>\n\t\t\t\n\t\t\t\t\t\t\t\t\t\t\t\t\t\t<div class=\"fusion-rollover-categories\"><a href=\"http:\/\/alteteknoloji.com\/?portfolio_category=bitenpr&#038;lang=tr\" rel=\"tag\">Biten Projeler<\/a><\/div>\t\t\t\t\t\n\t\t\n\t\t\t\t<a class=\"fusion-link-wrapper\" href=\"http:\/\/alteteknoloji.com\/portfolio-items\/turkce-ogrenen-yabancilar-icin-turk-edebiyati-antolojisi-ders-kitabi?lang=tr&portfolioCats=29%2C30\" aria-label=\"T\u00fcrk\u00e7e \u00d6\u011frenen Yabanc\u0131lar \u0130\u00e7in T\u00fcrk Edebiyat\u0131 Antolojisi Ders Kitab\u0131\"><\/a>\n\t<\/div>\n<\/div>\n\n\t\n<\/div>\n<\/div><\/article><article id=\"portfolio-1-post-1248\" class=\"fusion-portfolio-post devamedenprojeler fusion-col-spacing post-1248\"><div class=\"fusion-portfolio-content-wrapper\" style=\"border:none;\"><span class=\"entry-title rich-snippet-hidden\">ABC T\u00fcrk\u00e7e Etkile\u015fimli Ders Kitab\u0131 Projesi<\/span><span class=\"vcard rich-snippet-hidden\"><span class=\"fn\"><a href=\"http:\/\/alteteknoloji.com\/?author=1\" title=\"administer taraf\u0131ndan yaz\u0131lan yaz\u0131lar\" rel=\"author\">administer<\/a><\/span><\/span><span class=\"updated rich-snippet-hidden\">2019-02-24T14:27:18+00:00<\/span>\n\n<div  class=\"fusion-image-wrapper\" aria-haspopup=\"true\">\n\t\n\t\n\t\t\n\t\t\t\t\t<img width=\"2045\" height=\"2560\" src=\"http:\/\/alteteknoloji.com\/wp-content\/uploads\/2018\/12\/cocuk_ders_kitab\u0131_1.1-1-scaled.jpg\" class=\"attachment-full size-full wp-post-image\" alt=\"\" decoding=\"async\" loading=\"lazy\" srcset=\"http:\/\/alteteknoloji.com\/wp-content\/uploads\/2018\/12\/cocuk_ders_kitab\u0131_1.1-1-200x250.jpg 200w, http:\/\/alteteknoloji.com\/wp-content\/uploads\/2018\/12\/cocuk_ders_kitab\u0131_1.1-1-400x501.jpg 400w, http:\/\/alteteknoloji.com\/wp-content\/uploads\/2018\/12\/cocuk_ders_kitab\u0131_1.1-1-600x751.jpg 600w, http:\/\/alteteknoloji.com\/wp-content\/uploads\/2018\/12\/cocuk_ders_kitab\u0131_1.1-1-800x1001.jpg 800w, http:\/\/alteteknoloji.com\/wp-content\/uploads\/2018\/12\/cocuk_ders_kitab\u0131_1.1-1-1200x1502.jpg 1200w, http:\/\/alteteknoloji.com\/wp-content\/uploads\/2018\/12\/cocuk_ders_kitab\u0131_1.1-1-scaled.jpg 2045w\" sizes=\"(min-width: 2200px) 100vw, (min-width: 732px) 570px, (min-width: 640px) 732px, \" \/>\n\t\n\n\t\t<div class=\"fusion-rollover\">\n\t<div class=\"fusion-rollover-content\">\n\n\t\t\t\t\t\t\t\t\t\t\t\t\t\t<a class=\"fusion-rollover-link\" href=\"http:\/\/alteteknoloji.com\/portfolio-items\/abc-turkce-etkilesimli-ders-kitab-projesi?lang=tr&portfolioCats=29%2C30\">ABC T\u00fcrk\u00e7e Etkile\u015fimli Ders Kitab\u0131 Projesi<\/a>\n\t\t\t\n\t\t\t\t\t\t\t\t\t\t\t\t\t\t\n\t\t\t\t\t\t\t\t\n\t\t\t\t\t\t\t\t\t\t\t\t\t<div class=\"fusion-rollover-sep\"><\/div>\n\t\t\t\t\n\t\t\t\t\t\t\t\t\t\t\t\t\t\t\t\t\t\t<a class=\"fusion-rollover-gallery\" href=\"http:\/\/alteteknoloji.com\/wp-content\/uploads\/2018\/12\/cocuk_ders_kitab\u0131_1.1-1-scaled.jpg\" data-id=\"1248\" data-rel=\"iLightbox[gallery-rw-1]\" data-title=\"cocuk_ders_kitab\u0131_1.1 1\" data-caption=\"\">\n\t\t\t\t\t\tGallery\t\t\t\t\t<\/a>\n\t\t\t\t\t\t\t\t\t\t\t\t\t\t\n\t\t\t\t\n\t\t\t\t\t\t\t\t\t\t\t\t<h4 class=\"fusion-rollover-title\">\n\t\t\t\t\t<a class=\"fusion-rollover-title-link\" href=\"http:\/\/alteteknoloji.com\/portfolio-items\/abc-turkce-etkilesimli-ders-kitab-projesi?lang=tr&portfolioCats=29%2C30\">\n\t\t\t\t\t\tABC T\u00fcrk\u00e7e Etkile\u015fimli Ders Kitab\u0131 Projesi\t\t\t\t\t<\/a>\n\t\t\t\t<\/h4>\n\t\t\t\n\t\t\t\t\t\t\t\t\t\t\t\t\t\t<div class=\"fusion-rollover-categories\"><a href=\"http:\/\/alteteknoloji.com\/?portfolio_category=devamedenprojeler&#038;lang=tr\" rel=\"tag\">Devam Eden Projeler<\/a><\/div>\t\t\t\t\t\n\t\t\n\t\t\t\t<a class=\"fusion-link-wrapper\" href=\"http:\/\/alteteknoloji.com\/portfolio-items\/abc-turkce-etkilesimli-ders-kitab-projesi?lang=tr&portfolioCats=29%2C30\" aria-label=\"ABC T\u00fcrk\u00e7e Etkile\u015fimli Ders Kitab\u0131 Projesi\"><\/a>\n\t<\/div>\n<\/div>\n\n\t\n<\/div>\n<\/div><\/article><article id=\"portfolio-1-post-1243\" class=\"fusion-portfolio-post devamedenprojeler fusion-col-spacing post-1243\"><div class=\"fusion-portfolio-content-wrapper\" style=\"border:none;\"><span class=\"entry-title rich-snippet-hidden\">\u0130stanbul Etkile\u015fimli Kitap Projesi<\/span><span class=\"vcard rich-snippet-hidden\"><span class=\"fn\"><a href=\"http:\/\/alteteknoloji.com\/?author=1\" title=\"administer taraf\u0131ndan yaz\u0131lan yaz\u0131lar\" rel=\"author\">administer<\/a><\/span><\/span><span class=\"updated rich-snippet-hidden\">2019-01-21T14:00:48+00:00<\/span>\n\n<div  class=\"fusion-image-wrapper\" aria-haspopup=\"true\">\n\t\n\t\n\t\t\n\t\t\t\t\t<img width=\"2048\" height=\"2560\" src=\"http:\/\/alteteknoloji.com\/wp-content\/uploads\/2018\/12\/A1_DersKitabi-scaled.jpg\" class=\"attachment-full size-full wp-post-image\" alt=\"\" decoding=\"async\" loading=\"lazy\" srcset=\"http:\/\/alteteknoloji.com\/wp-content\/uploads\/2018\/12\/A1_DersKitabi-200x250.jpg 200w, http:\/\/alteteknoloji.com\/wp-content\/uploads\/2018\/12\/A1_DersKitabi-400x500.jpg 400w, http:\/\/alteteknoloji.com\/wp-content\/uploads\/2018\/12\/A1_DersKitabi-600x750.jpg 600w, http:\/\/alteteknoloji.com\/wp-content\/uploads\/2018\/12\/A1_DersKitabi-800x1000.jpg 800w, http:\/\/alteteknoloji.com\/wp-content\/uploads\/2018\/12\/A1_DersKitabi-1200x1500.jpg 1200w, http:\/\/alteteknoloji.com\/wp-content\/uploads\/2018\/12\/A1_DersKitabi-scaled.jpg 2048w\" sizes=\"(min-width: 2200px) 100vw, (min-width: 732px) 570px, (min-width: 640px) 732px, \" \/>\n\t\n\n\t\t<div class=\"fusion-rollover\">\n\t<div class=\"fusion-rollover-content\">\n\n\t\t\t\t\t\t\t\t\t\t\t\t\t\t<a class=\"fusion-rollover-link\" href=\"http:\/\/alteteknoloji.com\/portfolio-items\/istanbul-etkilesimli-kitap-projesi?lang=tr&portfolioCats=29%2C30\">\u0130stanbul Etkile\u015fimli Kitap Projesi<\/a>\n\t\t\t\n\t\t\t\t\t\t\t\t\t\t\t\t\t\t\n\t\t\t\t\t\t\t\t\n\t\t\t\t\t\t\t\t\t\t\t\t\t<div class=\"fusion-rollover-sep\"><\/div>\n\t\t\t\t\n\t\t\t\t\t\t\t\t\t\t\t\t\t\t\t\t\t\t<a class=\"fusion-rollover-gallery\" href=\"http:\/\/alteteknoloji.com\/wp-content\/uploads\/2018\/12\/A1_DersKitabi-scaled.jpg\" data-id=\"1243\" data-rel=\"iLightbox[gallery-rw-1]\" data-title=\"A1_DersKitabi\" data-caption=\"\">\n\t\t\t\t\t\tGallery\t\t\t\t\t<\/a>\n\t\t\t\t\t\t\t\t\t\t\t\t\t\t\n\t\t\t\t\n\t\t\t\t\t\t\t\t\t\t\t\t<h4 class=\"fusion-rollover-title\">\n\t\t\t\t\t<a class=\"fusion-rollover-title-link\" href=\"http:\/\/alteteknoloji.com\/portfolio-items\/istanbul-etkilesimli-kitap-projesi?lang=tr&portfolioCats=29%2C30\">\n\t\t\t\t\t\t\u0130stanbul Etkile\u015fimli Kitap Projesi\t\t\t\t\t<\/a>\n\t\t\t\t<\/h4>\n\t\t\t\n\t\t\t\t\t\t\t\t\t\t\t\t\t\t<div class=\"fusion-rollover-categories\"><a href=\"http:\/\/alteteknoloji.com\/?portfolio_category=devamedenprojeler&#038;lang=tr\" rel=\"tag\">Devam Eden Projeler<\/a><\/div>\t\t\t\t\t\n\t\t\n\t\t\t\t<a class=\"fusion-link-wrapper\" href=\"http:\/\/alteteknoloji.com\/portfolio-items\/istanbul-etkilesimli-kitap-projesi?lang=tr&portfolioCats=29%2C30\" aria-label=\"\u0130stanbul Etkile\u015fimli Kitap Projesi\"><\/a>\n\t<\/div>\n<\/div>\n\n\t\n<\/div>\n<\/div><\/article><article id=\"portfolio-1-post-1214\" class=\"fusion-portfolio-post bitenpr fusion-col-spacing post-1214\"><div class=\"fusion-portfolio-content-wrapper\" style=\"border:none;\"><span class=\"entry-title rich-snippet-hidden\">3 Dakikada T\u00fcrk\u00e7e Projesi<\/span><span class=\"vcard rich-snippet-hidden\"><span class=\"fn\"><a href=\"http:\/\/alteteknoloji.com\/?author=1\" title=\"administer taraf\u0131ndan yaz\u0131lan yaz\u0131lar\" rel=\"author\">administer<\/a><\/span><\/span><span class=\"updated rich-snippet-hidden\">2018-12-17T11:37:23+00:00<\/span>\n\n<div  class=\"fusion-image-wrapper\" aria-haspopup=\"true\">\n\t\n\t\n\t\t\n\t\t\t\t\t<img width=\"1280\" height=\"720\" src=\"http:\/\/alteteknoloji.com\/wp-content\/uploads\/2018\/12\/3dktr.jpg\" class=\"attachment-full size-full wp-post-image\" alt=\"\" decoding=\"async\" loading=\"lazy\" srcset=\"http:\/\/alteteknoloji.com\/wp-content\/uploads\/2018\/12\/3dktr-200x113.jpg 200w, http:\/\/alteteknoloji.com\/wp-content\/uploads\/2018\/12\/3dktr-400x225.jpg 400w, http:\/\/alteteknoloji.com\/wp-content\/uploads\/2018\/12\/3dktr-600x338.jpg 600w, http:\/\/alteteknoloji.com\/wp-content\/uploads\/2018\/12\/3dktr-800x450.jpg 800w, http:\/\/alteteknoloji.com\/wp-content\/uploads\/2018\/12\/3dktr-1200x675.jpg 1200w, http:\/\/alteteknoloji.com\/wp-content\/uploads\/2018\/12\/3dktr.jpg 1280w\" sizes=\"(min-width: 2200px) 100vw, (min-width: 732px) 570px, (min-width: 640px) 732px, \" \/>\n\t\n\n\t\t<div class=\"fusion-rollover\">\n\t<div class=\"fusion-rollover-content\">\n\n\t\t\t\t\t\t\t\t\t\t\t\t\t\t<a class=\"fusion-rollover-link\" href=\"http:\/\/alteteknoloji.com\/portfolio-items\/3-dakikada-turkce-projesi?lang=tr&portfolioCats=29%2C30\">3 Dakikada T\u00fcrk\u00e7e Projesi<\/a>\n\t\t\t\n\t\t\t\t\t\t\t\t\t\t\t\t\t\t\n\t\t\t\t\t\t\t\t\n\t\t\t\t\t\t\t\t\t\t\t\t\t<div class=\"fusion-rollover-sep\"><\/div>\n\t\t\t\t\n\t\t\t\t\t\t\t\t\t\t\t\t\t\t\t\t\t\t<a class=\"fusion-rollover-gallery\" href=\"http:\/\/alteteknoloji.com\/wp-content\/uploads\/2018\/12\/3dktr.jpg\" data-id=\"1214\" data-rel=\"iLightbox[gallery-rw-1]\" data-title=\"3dktr\" data-caption=\"\">\n\t\t\t\t\t\tGallery\t\t\t\t\t<\/a>\n\t\t\t\t\t\t\t\t\t\t\t\t\t\t\n\t\t\t\t\n\t\t\t\t\t\t\t\t\t\t\t\t<h4 class=\"fusion-rollover-title\">\n\t\t\t\t\t<a class=\"fusion-rollover-title-link\" href=\"http:\/\/alteteknoloji.com\/portfolio-items\/3-dakikada-turkce-projesi?lang=tr&portfolioCats=29%2C30\">\n\t\t\t\t\t\t3 Dakikada T\u00fcrk\u00e7e Projesi\t\t\t\t\t<\/a>\n\t\t\t\t<\/h4>\n\t\t\t\n\t\t\t\t\t\t\t\t\t\t\t\t\t\t<div class=\"fusion-rollover-categories\"><a href=\"http:\/\/alteteknoloji.com\/?portfolio_category=bitenpr&#038;lang=tr\" rel=\"tag\">Biten Projeler<\/a><\/div>\t\t\t\t\t\n\t\t\n\t\t\t\t<a class=\"fusion-link-wrapper\" href=\"http:\/\/alteteknoloji.com\/portfolio-items\/3-dakikada-turkce-projesi?lang=tr&portfolioCats=29%2C30\" aria-label=\"3 Dakikada T\u00fcrk\u00e7e Projesi\"><\/a>\n\t<\/div>\n<\/div>\n\n\t\n<\/div>\n<\/div><\/article><\/div><\/div><div class=\"fusion-clearfix\"><\/div><\/div><\/div><\/div><\/div><div class=\"fusion-fullwidth fullwidth-box fusion-builder-row-3 nonhundred-percent-fullwidth non-hundred-percent-height-scrolling\"  style='background-color: #f5f5f5;background-position: left top;background-repeat: no-repeat;padding-top:0px;padding-right:0px;padding-bottom:70px;padding-left:0px;border-top-width:0px;border-bottom-width:0px;border-color:#eae9e9;border-top-style:solid;border-bottom-style:solid;'><div class=\"fusion-builder-row fusion-row \"><div  class=\"fusion-layout-column fusion_builder_column fusion_builder_column_1_1 fusion-builder-column-2 fusion-one-full fusion-column-first fusion-column-last 1_1\"  style='margin-top:0px;margin-bottom:0px;width:100%'><div class=\"fusion-column-wrapper\" style=\"padding: 0px 0px 0px 0px;background-position:left top;background-repeat:no-repeat;-webkit-background-size:cover;-moz-background-size:cover;-o-background-size:cover;background-size:cover;\"   data-bg-url=\"\"><div class=\"fusion-section-separator section-separator big-half-circle fusion-section-separator-with-offset\" style=\"padding:0;margin-left:calc( (100vw - 100% ) \/ -2 );margin-right:calc( (100vw - 100% ) \/ -2  );\"><svg class=\"fusion-big-half-circle-candy\" xmlns=\"http:\/\/www.w3.org\/2000\/svg\" version=\"1.1\" width=\"100%\" height=\"100\" viewBox=\"0 0 100 100\" preserveAspectRatio=\"none\" style=\"fill:#ffffff;padding:0;\"><path d=\"M0 0 C55 180 100 0 100 0 Z\"><\/path><\/svg><\/div><div class=\"fusion-sep-clear\"><\/div><div class=\"fusion-separator fusion-full-width-sep sep-none\" style=\"margin-left: auto;margin-right: auto;margin-top:80px;\"><\/div><div class=\"fusion-clearfix\"><\/div><\/div><\/div><\/div><\/div><\/p>\n","protected":false},"excerpt":{"rendered":"","protected":false},"author":1,"featured_media":0,"parent":0,"menu_order":0,"comment_status":"closed","ping_status":"closed","template":"100-width.php","meta":{"spay_email":""},"_links":{"self":[{"href":"http:\/\/alteteknoloji.com\/index.php?rest_route=\/wp\/v2\/pages\/11"}],"collection":[{"href":"http:\/\/alteteknoloji.com\/index.php?rest_route=\/wp\/v2\/pages"}],"about":[{"href":"http:\/\/alteteknoloji.com\/index.php?rest_route=\/wp\/v2\/types\/page"}],"author":[{"embeddable":true,"href":"http:\/\/alteteknoloji.com\/index.php?rest_route=\/wp\/v2\/users\/1"}],"replies":[{"embeddable":true,"href":"http:\/\/alteteknoloji.com\/index.php?rest_route=%2Fwp%2Fv2%2Fcomments&post=11"}],"version-history":[{"count":3,"href":"http:\/\/alteteknoloji.com\/index.php?rest_route=\/wp\/v2\/pages\/11\/revisions"}],"predecessor-version":[{"id":1257,"href":"http:\/\/alteteknoloji.com\/index.php?rest_route=\/wp\/v2\/pages\/11\/revisions\/1257"}],"wp:attachment":[{"href":"http:\/\/alteteknoloji.com\/index.php?rest_route=%2Fwp%2Fv2%2Fmedia&parent=11"}],"curies":[{"name":"wp","href":"https:\/\/api.w.org\/{rel}","templated":true}]}}